{"id":555,"date":"2023-05-19T01:02:15","date_gmt":"2023-05-18T23:02:15","guid":{"rendered":"https:\/\/lemanspremus.fr\/?page_id=555"},"modified":"2026-04-15T07:20:13","modified_gmt":"2026-04-15T07:20:13","slug":"23eme-saison-octobre-2020","status":"publish","type":"page","link":"https:\/\/lemanspremus.fr\/index.php\/23eme-saison-octobre-2020\/","title":{"rendered":"23\u00e8me saison (octobre 2020)"},"content":{"rendered":"\n<p>En raison de la pand\u00e9mie \u00ab\u00a0Covid\u00a0\u00bb, seul <strong>un concer<\/strong>t a pu avoir lieu, celui du <strong>11 octobre 2020, tous les <\/strong>autres ont \u00e9t\u00e9 annul\u00e9s.<\/p>\n","protected":false},"excerpt":{"rendered":"<p>En raison de la pand\u00e9mie \u00ab\u00a0Covid\u00a0\u00bb, seul un concert a pu avoir lieu, celui du 11 octobre 2020, tous les autres ont \u00e9t\u00e9 annul\u00e9s.<\/p>\n","protected":false},"author":2,"featured_media":0,"parent":0,"menu_order":0,"comment_status":"closed","ping_status":"closed","template":"","meta":{"_kad_post_transparent":"","_kad_post_title":"","_kad_post_layout":"","_kad_post_sidebar_id":"","_kad_post_content_style":"","_kad_post_vertical_padding":"","_kad_post_feature":"","_kad_post_feature_position":"","_kad_post_header":false,"_kad_post_footer":false,"_kad_post_classname":"","footnotes":""},"_links":{"self":[{"href":"https:\/\/lemanspremus.fr\/index.php\/wp-json\/wp\/v2\/pages\/555"}],"collection":[{"href":"https:\/\/lemanspremus.fr\/index.php\/wp-json\/wp\/v2\/pages"}],"about":[{"href":"https:\/\/lemanspremus.fr\/index.php\/wp-json\/wp\/v2\/types\/page"}],"author":[{"embeddable":true,"href":"https:\/\/lemanspremus.fr\/index.php\/wp-json\/wp\/v2\/users\/2"}],"replies":[{"embeddable":true,"href":"https:\/\/lemanspremus.fr\/index.php\/wp-json\/wp\/v2\/comments?post=555"}],"version-history":[{"count":1,"href":"https:\/\/lemanspremus.fr\/index.php\/wp-json\/wp\/v2\/pages\/555\/revisions"}],"predecessor-version":[{"id":22935,"href":"https:\/\/lemanspremus.fr\/index.php\/wp-json\/wp\/v2\/pages\/555\/revisions\/22935"}],"wp:attachment":[{"href":"https:\/\/lemanspremus.fr\/index.php\/wp-json\/wp\/v2\/media?parent=555"}],"curies":[{"name":"wp","href":"https:\/\/api.w.org\/{rel}","templated":true}]}}